{"id":7208,"date":"2025-12-25T12:05:03","date_gmt":"2025-12-25T04:05:03","guid":{"rendered":"https:\/\/weiert-ceramics.com\/?page_id=7208"},"modified":"2025-12-25T18:44:36","modified_gmt":"2025-12-25T10:44:36","slug":"materials","status":"publish","type":"page","link":"https:\/\/weiert-ceramics.com\/es\/materials\/","title":{"rendered":"Materiales"},"content":{"rendered":"","protected":false},"excerpt":{"rendered":"","protected":false},"author":1,"featured_media":0,"parent":0,"menu_order":0,"comment_status":"closed","ping_status":"closed","template":"page-materials.php","meta":{"_acf_changed":false,"footnotes":""},"class_list":["post-7208","page","type-page","status-publish","hentry"],"acf":[],"yoast_head":"<!-- This site is optimized with the Yoast SEO Premium plugin v27.1 (Yoast SEO v27.2) - https:\/\/yoast.com\/product\/yoast-seo-premium-wordpress\/ -->\n<title>Materials - Weiert Ceramics Technology Co., Ltd.<\/title>\n<meta name=\"robots\" content=\"index, follow, max-snippet:-1, max-image-preview:large, max-video-preview:-1\" \/>\n<link rel=\"canonical\" href=\"https:\/\/weiert-ceramics.com\/es\/materials\/\" \/>\n<meta property=\"og:locale\" content=\"es_ES\" \/>\n<meta property=\"og:type\" content=\"article\" \/>\n<meta property=\"og:title\" content=\"Materials\" \/>\n<meta property=\"og:url\" content=\"https:\/\/weiert-ceramics.com\/es\/materials\/\" \/>\n<meta property=\"og:site_name\" content=\"Weiert Ceramics Technology Co., Ltd.\" \/>\n<meta property=\"article:modified_time\" content=\"2025-12-25T10:44:36+00:00\" \/>\n<meta name=\"twitter:card\" content=\"summary_large_image\" \/>\n<script type=\"application\/ld+json\" class=\"yoast-schema-graph\">{\"@context\":\"https:\/\/schema.org\",\"@graph\":[{\"@type\":\"WebPage\",\"@id\":\"https:\/\/weiert-ceramics.com\/materials\/\",\"url\":\"https:\/\/weiert-ceramics.com\/materials\/\",\"name\":\"Materials - Weiert Ceramics Technology Co., Ltd.\",\"isPartOf\":{\"@id\":\"https:\/\/weiert-ceramics.com\/ja\/#website\"},\"datePublished\":\"2025-12-25T04:05:03+00:00\",\"dateModified\":\"2025-12-25T10:44:36+00:00\",\"breadcrumb\":{\"@id\":\"https:\/\/weiert-ceramics.com\/materials\/#breadcrumb\"},\"inLanguage\":\"es-CR\",\"potentialAction\":[{\"@type\":\"ReadAction\",\"target\":[\"https:\/\/weiert-ceramics.com\/materials\/\"]}]},{\"@type\":\"BreadcrumbList\",\"@id\":\"https:\/\/weiert-ceramics.com\/materials\/#breadcrumb\",\"itemListElement\":[{\"@type\":\"ListItem\",\"position\":1,\"name\":\"\u9996\u9875\",\"item\":\"https:\/\/weiert-ceramics.com\/ja\/\"},{\"@type\":\"ListItem\",\"position\":2,\"name\":\"Materials\"}]},{\"@type\":\"WebSite\",\"@id\":\"https:\/\/weiert-ceramics.com\/ja\/#website\",\"url\":\"https:\/\/weiert-ceramics.com\/ja\/\",\"name\":\"Weiert Ceramics Technology Co., Ltd.\",\"description\":\"Our offerings include ceramic machining, custom ceramic components, preformed ceramic plates and tubes, and custom crucibles.\",\"publisher\":{\"@id\":\"https:\/\/weiert-ceramics.com\/ja\/#organization\"},\"potentialAction\":[{\"@type\":\"SearchAction\",\"target\":{\"@type\":\"EntryPoint\",\"urlTemplate\":\"https:\/\/weiert-ceramics.com\/ja\/?s={search_term_string}\"},\"query-input\":{\"@type\":\"PropertyValueSpecification\",\"valueRequired\":true,\"valueName\":\"search_term_string\"}}],\"inLanguage\":\"es-CR\"},{\"@type\":\"Organization\",\"@id\":\"https:\/\/weiert-ceramics.com\/ja\/#organization\",\"name\":\"Weiert Ceramics Technology Co., Ltd.\",\"url\":\"https:\/\/weiert-ceramics.com\/ja\/\",\"logo\":{\"@type\":\"ImageObject\",\"inLanguage\":\"es-CR\",\"@id\":\"https:\/\/weiert-ceramics.com\/ja\/#\/schema\/logo\/image\/\",\"url\":\"https:\/\/weiert-ceramics.com\/wp-content\/uploads\/2025\/03\/96a3be3cf272e017046d.jpg\",\"contentUrl\":\"https:\/\/weiert-ceramics.com\/wp-content\/uploads\/2025\/03\/96a3be3cf272e017046d.jpg\",\"width\":512,\"height\":512,\"caption\":\"Weiert Ceramics Technology Co., Ltd.\"},\"image\":{\"@id\":\"https:\/\/weiert-ceramics.com\/ja\/#\/schema\/logo\/image\/\"},\"sameAs\":[\"https:\/\/www.youtube.com\/@Technical-Ceramic\"]}]}<\/script>\n<!-- \/ Yoast SEO Premium plugin. -->","yoast_head_json":{"title":"Materials - Weiert Ceramics Technology Co., Ltd.","robots":{"index":"index","follow":"follow","max-snippet":"max-snippet:-1","max-image-preview":"max-image-preview:large","max-video-preview":"max-video-preview:-1"},"canonical":"https:\/\/weiert-ceramics.com\/es\/materials\/","og_locale":"es_ES","og_type":"article","og_title":"Materials","og_url":"https:\/\/weiert-ceramics.com\/es\/materials\/","og_site_name":"Weiert Ceramics Technology Co., Ltd.","article_modified_time":"2025-12-25T10:44:36+00:00","twitter_card":"summary_large_image","schema":{"@context":"https:\/\/schema.org","@graph":[{"@type":"WebPage","@id":"https:\/\/weiert-ceramics.com\/materials\/","url":"https:\/\/weiert-ceramics.com\/materials\/","name":"Materials - Weiert Ceramics Technology Co., Ltd.","isPartOf":{"@id":"https:\/\/weiert-ceramics.com\/ja\/#website"},"datePublished":"2025-12-25T04:05:03+00:00","dateModified":"2025-12-25T10:44:36+00:00","breadcrumb":{"@id":"https:\/\/weiert-ceramics.com\/materials\/#breadcrumb"},"inLanguage":"es-CR","potentialAction":[{"@type":"ReadAction","target":["https:\/\/weiert-ceramics.com\/materials\/"]}]},{"@type":"BreadcrumbList","@id":"https:\/\/weiert-ceramics.com\/materials\/#breadcrumb","itemListElement":[{"@type":"ListItem","position":1,"name":"\u9996\u9875","item":"https:\/\/weiert-ceramics.com\/ja\/"},{"@type":"ListItem","position":2,"name":"Materials"}]},{"@type":"WebSite","@id":"https:\/\/weiert-ceramics.com\/ja\/#website","url":"https:\/\/weiert-ceramics.com\/ja\/","name":"Weiert Ceramics Technology Co., Ltd.","description":"Nuestra oferta incluye mecanizado de cer\u00e1mica, componentes cer\u00e1micos a medida, placas y tubos cer\u00e1micos preformados y crisoles a medida.","publisher":{"@id":"https:\/\/weiert-ceramics.com\/ja\/#organization"},"potentialAction":[{"@type":"SearchAction","target":{"@type":"EntryPoint","urlTemplate":"https:\/\/weiert-ceramics.com\/ja\/?s={search_term_string}"},"query-input":{"@type":"PropertyValueSpecification","valueRequired":true,"valueName":"search_term_string"}}],"inLanguage":"es-CR"},{"@type":"Organization","@id":"https:\/\/weiert-ceramics.com\/ja\/#organization","name":"Weiert Ceramics Technology Co., Ltd.","url":"https:\/\/weiert-ceramics.com\/ja\/","logo":{"@type":"ImageObject","inLanguage":"es-CR","@id":"https:\/\/weiert-ceramics.com\/ja\/#\/schema\/logo\/image\/","url":"https:\/\/weiert-ceramics.com\/wp-content\/uploads\/2025\/03\/96a3be3cf272e017046d.jpg","contentUrl":"https:\/\/weiert-ceramics.com\/wp-content\/uploads\/2025\/03\/96a3be3cf272e017046d.jpg","width":512,"height":512,"caption":"Weiert Ceramics Technology Co., Ltd."},"image":{"@id":"https:\/\/weiert-ceramics.com\/ja\/#\/schema\/logo\/image\/"},"sameAs":["https:\/\/www.youtube.com\/@Technical-Ceramic"]}]}},"_links":{"self":[{"href":"https:\/\/weiert-ceramics.com\/es\/wp-json\/wp\/v2\/pages\/7208","targetHints":{"allow":["GET"]}}],"collection":[{"href":"https:\/\/weiert-ceramics.com\/es\/wp-json\/wp\/v2\/pages"}],"about":[{"href":"https:\/\/weiert-ceramics.com\/es\/wp-json\/wp\/v2\/types\/page"}],"author":[{"embeddable":true,"href":"https:\/\/weiert-ceramics.com\/es\/wp-json\/wp\/v2\/users\/1"}],"replies":[{"embeddable":true,"href":"https:\/\/weiert-ceramics.com\/es\/wp-json\/wp\/v2\/comments?post=7208"}],"version-history":[{"count":1,"href":"https:\/\/weiert-ceramics.com\/es\/wp-json\/wp\/v2\/pages\/7208\/revisions"}],"predecessor-version":[{"id":7211,"href":"https:\/\/weiert-ceramics.com\/es\/wp-json\/wp\/v2\/pages\/7208\/revisions\/7211"}],"wp:attachment":[{"href":"https:\/\/weiert-ceramics.com\/es\/wp-json\/wp\/v2\/media?parent=7208"}],"curies":[{"name":"wp","href":"https:\/\/api.w.org\/{rel}","templated":true}]}}