{"id":28,"date":"2021-08-11T13:58:21","date_gmt":"2021-08-11T05:58:21","guid":{"rendered":"http:\/\/localhost:273\/?page_id=28"},"modified":"2025-12-25T14:05:12","modified_gmt":"2025-12-25T06:05:12","slug":"aboutus","status":"publish","type":"page","link":"https:\/\/weiert-ceramics.com\/cs\/aboutus\/","title":{"rendered":"About us"},"content":{"rendered":"<p>Jinway Technology Co., Ltd. was founded in 2009, it\u2019s specialized in OEM automotive lighting industry. Focus on the tooling, assembly line, UV coating line and oven in automotive lighting.<\/p>\n<p>Jinway joint together with Wenton which build UV coating line &amp; Oven; Cexcel which build the assembly line; and DJ Mould which build the tooling to provide the related  products to our foreign customers in automotive lighting industry.<\/p>\n<p>We own a strong team with many top talents to offer high-quality supporting services to OEM companies and supply them with powerful technical support. We participate in every step of developing new products directly and actively and put forward valued suggestions for new products' improvement and design.<\/p>\n<p>Our principle is providing product with high quality, short lead time and competitive price to our customer. Jinway has achieved good results in tooling, UV coating, anti-fog coating line and assembly line in the market, have got customers\u2019 praise for the quality.<\/p>","protected":false},"excerpt":{"rendered":"<p>Jinway Technology Co., Ltd. was founded in 2009, it\u2019s specialized in OEM automotive lighting industry. Focus on the tooling, assembly line, UV coating line and oven in automotive lighting. Jinway joint together with Wenton which build UV coating line &amp; Oven; Cexcel which build the assembly line; and DJ Mould which build the tooling to [&hellip;]<\/p>\n","protected":false},"author":1,"featured_media":0,"parent":0,"menu_order":0,"comment_status":"open","ping_status":"closed","template":"page-aboutus.php","meta":{"_acf_changed":false,"footnotes":""},"class_list":["post-28","page","type-page","status-publish","hentry"],"acf":[],"yoast_head":"<!-- This site is optimized with the Yoast SEO Premium plugin v27.1 (Yoast SEO v27.2) - https:\/\/yoast.com\/product\/yoast-seo-premium-wordpress\/ -->\n<title>About us - Weiert Ceramics Technology Co., Ltd.<\/title>\n<meta name=\"robots\" content=\"index, follow, max-snippet:-1, max-image-preview:large, max-video-preview:-1\" \/>\n<link rel=\"canonical\" href=\"https:\/\/weiert-ceramics.com\/cs\/aboutus\/\" \/>\n<meta property=\"og:locale\" content=\"cs_CZ\" \/>\n<meta property=\"og:type\" content=\"article\" \/>\n<meta property=\"og:title\" content=\"About us\" \/>\n<meta property=\"og:description\" content=\"Jinway Technology Co., Ltd. was founded in 2009, it\u2019s specialized in OEM automotive lighting industry. Focus on the tooling, assembly line, UV coating line and oven in automotive lighting. Jinway joint together with Wenton which build UV coating line &amp; Oven; Cexcel which build the assembly line; and DJ Mould which build the tooling to [&hellip;]\" \/>\n<meta property=\"og:url\" content=\"https:\/\/weiert-ceramics.com\/cs\/aboutus\/\" \/>\n<meta property=\"og:site_name\" content=\"Weiert Ceramics Technology Co., Ltd.\" \/>\n<meta property=\"article:modified_time\" content=\"2025-12-25T06:05:12+00:00\" \/>\n<meta name=\"twitter:card\" content=\"summary_large_image\" \/>\n<meta name=\"twitter:label1\" content=\"Odhadovan\u00e1 doba \u010dten\u00ed\" \/>\n\t<meta name=\"twitter:data1\" content=\"1 minuta\" \/>\n<script type=\"application\/ld+json\" class=\"yoast-schema-graph\">{\"@context\":\"https:\/\/schema.org\",\"@graph\":[{\"@type\":\"WebPage\",\"@id\":\"https:\/\/weiert-ceramics.com\/aboutus\/\",\"url\":\"https:\/\/weiert-ceramics.com\/aboutus\/\",\"name\":\"About us - Weiert Ceramics Technology Co., Ltd.\",\"isPartOf\":{\"@id\":\"https:\/\/weiert-ceramics.com\/ja\/#website\"},\"datePublished\":\"2021-08-11T05:58:21+00:00\",\"dateModified\":\"2025-12-25T06:05:12+00:00\",\"breadcrumb\":{\"@id\":\"https:\/\/weiert-ceramics.com\/aboutus\/#breadcrumb\"},\"inLanguage\":\"cs\",\"potentialAction\":[{\"@type\":\"ReadAction\",\"target\":[\"https:\/\/weiert-ceramics.com\/aboutus\/\"]}]},{\"@type\":\"BreadcrumbList\",\"@id\":\"https:\/\/weiert-ceramics.com\/aboutus\/#breadcrumb\",\"itemListElement\":[{\"@type\":\"ListItem\",\"position\":1,\"name\":\"\u9996\u9875\",\"item\":\"https:\/\/weiert-ceramics.com\/ja\/\"},{\"@type\":\"ListItem\",\"position\":2,\"name\":\"About us\"}]},{\"@type\":\"WebSite\",\"@id\":\"https:\/\/weiert-ceramics.com\/ja\/#website\",\"url\":\"https:\/\/weiert-ceramics.com\/ja\/\",\"name\":\"Weiert Ceramics Technology Co., Ltd.\",\"description\":\"Our offerings include ceramic machining, custom ceramic components, preformed ceramic plates and tubes, and custom crucibles.\",\"publisher\":{\"@id\":\"https:\/\/weiert-ceramics.com\/ja\/#organization\"},\"potentialAction\":[{\"@type\":\"SearchAction\",\"target\":{\"@type\":\"EntryPoint\",\"urlTemplate\":\"https:\/\/weiert-ceramics.com\/ja\/?s={search_term_string}\"},\"query-input\":{\"@type\":\"PropertyValueSpecification\",\"valueRequired\":true,\"valueName\":\"search_term_string\"}}],\"inLanguage\":\"cs\"},{\"@type\":\"Organization\",\"@id\":\"https:\/\/weiert-ceramics.com\/ja\/#organization\",\"name\":\"Weiert Ceramics Technology Co., Ltd.\",\"url\":\"https:\/\/weiert-ceramics.com\/ja\/\",\"logo\":{\"@type\":\"ImageObject\",\"inLanguage\":\"cs\",\"@id\":\"https:\/\/weiert-ceramics.com\/ja\/#\/schema\/logo\/image\/\",\"url\":\"https:\/\/weiert-ceramics.com\/wp-content\/uploads\/2025\/03\/96a3be3cf272e017046d.jpg\",\"contentUrl\":\"https:\/\/weiert-ceramics.com\/wp-content\/uploads\/2025\/03\/96a3be3cf272e017046d.jpg\",\"width\":512,\"height\":512,\"caption\":\"Weiert Ceramics Technology Co., Ltd.\"},\"image\":{\"@id\":\"https:\/\/weiert-ceramics.com\/ja\/#\/schema\/logo\/image\/\"},\"sameAs\":[\"https:\/\/www.youtube.com\/@Technical-Ceramic\"]}]}<\/script>\n<!-- \/ Yoast SEO Premium plugin. -->","yoast_head_json":{"title":"About us - Weiert Ceramics Technology Co., Ltd.","robots":{"index":"index","follow":"follow","max-snippet":"max-snippet:-1","max-image-preview":"max-image-preview:large","max-video-preview":"max-video-preview:-1"},"canonical":"https:\/\/weiert-ceramics.com\/cs\/aboutus\/","og_locale":"cs_CZ","og_type":"article","og_title":"About us","og_description":"Jinway Technology Co., Ltd. was founded in 2009, it\u2019s specialized in OEM automotive lighting industry. Focus on the tooling, assembly line, UV coating line and oven in automotive lighting. Jinway joint together with Wenton which build UV coating line &amp; Oven; Cexcel which build the assembly line; and DJ Mould which build the tooling to [&hellip;]","og_url":"https:\/\/weiert-ceramics.com\/cs\/aboutus\/","og_site_name":"Weiert Ceramics Technology Co., Ltd.","article_modified_time":"2025-12-25T06:05:12+00:00","twitter_card":"summary_large_image","twitter_misc":{"Odhadovan\u00e1 doba \u010dten\u00ed":"1 minuta"},"schema":{"@context":"https:\/\/schema.org","@graph":[{"@type":"WebPage","@id":"https:\/\/weiert-ceramics.com\/aboutus\/","url":"https:\/\/weiert-ceramics.com\/aboutus\/","name":"About us - Weiert Ceramics Technology Co., Ltd.","isPartOf":{"@id":"https:\/\/weiert-ceramics.com\/ja\/#website"},"datePublished":"2021-08-11T05:58:21+00:00","dateModified":"2025-12-25T06:05:12+00:00","breadcrumb":{"@id":"https:\/\/weiert-ceramics.com\/aboutus\/#breadcrumb"},"inLanguage":"cs","potentialAction":[{"@type":"ReadAction","target":["https:\/\/weiert-ceramics.com\/aboutus\/"]}]},{"@type":"BreadcrumbList","@id":"https:\/\/weiert-ceramics.com\/aboutus\/#breadcrumb","itemListElement":[{"@type":"ListItem","position":1,"name":"\u9996\u9875","item":"https:\/\/weiert-ceramics.com\/ja\/"},{"@type":"ListItem","position":2,"name":"About us"}]},{"@type":"WebSite","@id":"https:\/\/weiert-ceramics.com\/ja\/#website","url":"https:\/\/weiert-ceramics.com\/ja\/","name":"Weiert Ceramics Technology Co., Ltd.","description":"Our offerings include ceramic machining, custom ceramic components, preformed ceramic plates and tubes, and custom crucibles.","publisher":{"@id":"https:\/\/weiert-ceramics.com\/ja\/#organization"},"potentialAction":[{"@type":"SearchAction","target":{"@type":"EntryPoint","urlTemplate":"https:\/\/weiert-ceramics.com\/ja\/?s={search_term_string}"},"query-input":{"@type":"PropertyValueSpecification","valueRequired":true,"valueName":"search_term_string"}}],"inLanguage":"cs"},{"@type":"Organization","@id":"https:\/\/weiert-ceramics.com\/ja\/#organization","name":"Weiert Ceramics Technology Co., Ltd.","url":"https:\/\/weiert-ceramics.com\/ja\/","logo":{"@type":"ImageObject","inLanguage":"cs","@id":"https:\/\/weiert-ceramics.com\/ja\/#\/schema\/logo\/image\/","url":"https:\/\/weiert-ceramics.com\/wp-content\/uploads\/2025\/03\/96a3be3cf272e017046d.jpg","contentUrl":"https:\/\/weiert-ceramics.com\/wp-content\/uploads\/2025\/03\/96a3be3cf272e017046d.jpg","width":512,"height":512,"caption":"Weiert Ceramics Technology Co., Ltd."},"image":{"@id":"https:\/\/weiert-ceramics.com\/ja\/#\/schema\/logo\/image\/"},"sameAs":["https:\/\/www.youtube.com\/@Technical-Ceramic"]}]}},"_links":{"self":[{"href":"https:\/\/weiert-ceramics.com\/cs\/wp-json\/wp\/v2\/pages\/28","targetHints":{"allow":["GET"]}}],"collection":[{"href":"https:\/\/weiert-ceramics.com\/cs\/wp-json\/wp\/v2\/pages"}],"about":[{"href":"https:\/\/weiert-ceramics.com\/cs\/wp-json\/wp\/v2\/types\/page"}],"author":[{"embeddable":true,"href":"https:\/\/weiert-ceramics.com\/cs\/wp-json\/wp\/v2\/users\/1"}],"replies":[{"embeddable":true,"href":"https:\/\/weiert-ceramics.com\/cs\/wp-json\/wp\/v2\/comments?post=28"}],"version-history":[{"count":12,"href":"https:\/\/weiert-ceramics.com\/cs\/wp-json\/wp\/v2\/pages\/28\/revisions"}],"predecessor-version":[{"id":2034,"href":"https:\/\/weiert-ceramics.com\/cs\/wp-json\/wp\/v2\/pages\/28\/revisions\/2034"}],"wp:attachment":[{"href":"https:\/\/weiert-ceramics.com\/cs\/wp-json\/wp\/v2\/media?parent=28"}],"curies":[{"name":"wp","href":"https:\/\/api.w.org\/{rel}","templated":true}]}}